{"id":143,"date":"2023-03-16T10:37:41","date_gmt":"2023-03-16T09:37:41","guid":{"rendered":"http:\/\/safari.com.na\/?page_id=143"},"modified":"2023-03-17T15:18:13","modified_gmt":"2023-03-17T14:18:13","slug":"o-mnie","status":"publish","type":"page","link":"http:\/\/safari.com.na\/?page_id=143","title":{"rendered":"O mnie"},"content":{"rendered":"<div class=\"wp-block-image\">\n<figure class=\"alignright size-medium\"><img loading=\"lazy\" decoding=\"async\" width=\"300\" height=\"290\" src=\"http:\/\/safari.com.na\/wp-content\/uploads\/2023\/03\/PK-2019-300x290.jpg\" alt=\"\" class=\"wp-image-152\" srcset=\"http:\/\/safari.com.na\/wp-content\/uploads\/2023\/03\/PK-2019-300x290.jpg 300w, http:\/\/safari.com.na\/wp-content\/uploads\/2023\/03\/PK-2019-1024x989.jpg 1024w, http:\/\/safari.com.na\/wp-content\/uploads\/2023\/03\/PK-2019-768x742.jpg 768w, http:\/\/safari.com.na\/wp-content\/uploads\/2023\/03\/PK-2019-1536x1483.jpg 1536w, http:\/\/safari.com.na\/wp-content\/uploads\/2023\/03\/PK-2019-2048x1978.jpg 2048w, http:\/\/safari.com.na\/wp-content\/uploads\/2023\/03\/PK-2019-850x821.jpg 850w\" sizes=\"auto, (max-width: 300px) 100vw, 300px\" \/><\/figure>\n<\/div>\n\n\n<div class=\"wp-block-group is-vertical is-layout-flex wp-container-core-group-is-layout-8cf370e7 wp-block-group-is-layout-flex\">\n<p class=\"has-vivid-red-color has-text-color\">\u201ePodr\u00f3\u017cowanie sprawi, \u017ce zaniem\u00f3wisz z wra\u017cenia, a potem zamienisz si\u0119 w gaw\u0119dziarza.\u201d<\/p>\n\n\n\n<p class=\"has-vivid-red-color has-text-color\">Ibn Battuta (1304-1369)<\/p>\n<\/div>\n\n\n\n<p><\/p>\n\n\n\n<p>Safari w Afryce organizuj\u0119 i prowadz\u0119 od 1994 roku. Kraje na po\u0142udnie od r\u00f3wnika znam jak w\u0142asn\u0105 kiesze\u0144; na pewno lepiej ni\u017c moj\u0105 ojczyzn\u0119. Po afryka\u0144skich wertepach przejecha\u0142em ju\u017c ponad milion kilometr\u00f3w. Drugie tyle samolotami l\u0105duj\u0105cymi w buszu. Tysi\u0105ce kilometr\u00f3w kolej\u0105 rozmaitego standardu. Setki kilometr\u00f3w na grzbietach wierzchowc\u00f3w i jeszcze wi\u0119cej zrobi\u0142em na piechot\u0119. Je\u015bli chcecie poczyta\u0107 nieco o moich przygodach, zapraszam na przyk\u0142ad <a href=\"https:\/\/www.facebook.com\/profile.php?id=100063528399904\">tu<\/a>.<\/p>\n\n\n\n<p>Gwarantuj\u0119, \u017ce poka\u017c\u0119 wam fantastyczne zak\u0105tki Czarnego L\u0105du i opowiem o nich zdumiewaj\u0105ce historie.<\/p>\n\n\n\n<p>Zapraszam do Afryki!<\/p>\n\n\n\n<p>Pawe\u0142 Kardasz<\/p>\n\n\n\n<figure class=\"wp-block-image size-large\"><img loading=\"lazy\" decoding=\"async\" width=\"1024\" height=\"768\" src=\"http:\/\/safari.com.na\/wp-content\/uploads\/2023\/03\/ad-1024x768.jpg\" alt=\"\" class=\"wp-image-157\" srcset=\"http:\/\/safari.com.na\/wp-content\/uploads\/2023\/03\/ad-1024x768.jpg 1024w, http:\/\/safari.com.na\/wp-content\/uploads\/2023\/03\/ad-300x225.jpg 300w, http:\/\/safari.com.na\/wp-content\/uploads\/2023\/03\/ad-768x576.jpg 768w, http:\/\/safari.com.na\/wp-content\/uploads\/2023\/03\/ad-1536x1152.jpg 1536w, http:\/\/safari.com.na\/wp-content\/uploads\/2023\/03\/ad-2048x1536.jpg 2048w, http:\/\/safari.com.na\/wp-content\/uploads\/2023\/03\/ad-850x638.jpg 850w\" sizes=\"auto, (max-width: 1024px) 100vw, 1024px\" \/><\/figure>\n","protected":false},"excerpt":{"rendered":"<p>\u201ePodr\u00f3\u017cowanie sprawi, \u017ce zaniem\u00f3wisz z wra\u017cenia, a potem zamienisz si\u0119 w gaw\u0119dziarza.\u201d Ibn Battuta (1304-1369) Safari w Afryce organizuj\u0119 i prowadz\u0119 od 1994 roku. Kraje na po\u0142udnie od r\u00f3wnika znam jak w\u0142asn\u0105 kiesze\u0144; na pewno lepiej ni\u017c moj\u0105 ojczyzn\u0119. Po afryka\u0144skich wertepach przejecha\u0142em ju\u017c ponad milion kilometr\u00f3w. Drugie tyle samolotami l\u0105duj\u0105cymi w buszu. Tysi\u0105ce kilometr\u00f3w&#8230;<\/p>\n","protected":false},"author":1,"featured_media":0,"parent":0,"menu_order":0,"comment_status":"closed","ping_status":"closed","template":"","meta":{"footnotes":""},"class_list":["post-143","page","type-page","status-publish","hentry"],"yoast_head":"<!-- This site is optimized with the Yoast SEO plugin v17.4 - https:\/\/yoast.com\/wordpress\/plugins\/seo\/ -->\n<title>O mnie - This Is Africa<\/title>\n<meta name=\"robots\" content=\"index, follow, max-snippet:-1, max-image-preview:large, max-video-preview:-1\" \/>\n<link rel=\"canonical\" href=\"http:\/\/safari.com.na\/?page_id=143\" \/>\n<meta property=\"og:locale\" content=\"en_US\" \/>\n<meta property=\"og:type\" content=\"article\" \/>\n<meta property=\"og:title\" content=\"O mnie - This Is Africa\" \/>\n<meta property=\"og:description\" content=\"\u201ePodr\u00f3\u017cowanie sprawi, \u017ce zaniem\u00f3wisz z wra\u017cenia, a potem zamienisz si\u0119 w gaw\u0119dziarza.\u201d Ibn Battuta (1304-1369) Safari w Afryce organizuj\u0119 i prowadz\u0119 od 1994 roku. Kraje na po\u0142udnie od r\u00f3wnika znam jak w\u0142asn\u0105 kiesze\u0144; na pewno lepiej ni\u017c moj\u0105 ojczyzn\u0119. Po afryka\u0144skich wertepach przejecha\u0142em ju\u017c ponad milion kilometr\u00f3w. Drugie tyle samolotami l\u0105duj\u0105cymi w buszu. Tysi\u0105ce kilometr\u00f3w...\" \/>\n<meta property=\"og:url\" content=\"http:\/\/safari.com.na\/?page_id=143\" \/>\n<meta property=\"og:site_name\" content=\"This Is Africa\" \/>\n<meta property=\"article:modified_time\" content=\"2023-03-17T14:18:13+00:00\" \/>\n<meta property=\"og:image\" content=\"http:\/\/safari.com.na\/wp-content\/uploads\/2023\/03\/PK-2019-300x290.jpg\" \/>\n<meta name=\"twitter:card\" content=\"summary_large_image\" \/>\n<meta name=\"twitter:label1\" content=\"Est. reading time\" \/>\n\t<meta name=\"twitter:data1\" content=\"1 minute\" \/>\n<script type=\"application\/ld+json\" class=\"yoast-schema-graph\">{\"@context\":\"https:\/\/schema.org\",\"@graph\":[{\"@type\":\"WebSite\",\"@id\":\"http:\/\/safari.com.na\/#website\",\"url\":\"http:\/\/safari.com.na\/\",\"name\":\"This Is Africa\",\"description\":\"into the wilderness!\",\"potentialAction\":[{\"@type\":\"SearchAction\",\"target\":{\"@type\":\"EntryPoint\",\"urlTemplate\":\"http:\/\/safari.com.na\/?s={search_term_string}\"},\"query-input\":\"required name=search_term_string\"}],\"inLanguage\":\"en-US\"},{\"@type\":\"ImageObject\",\"@id\":\"http:\/\/safari.com.na\/?page_id=143#primaryimage\",\"inLanguage\":\"en-US\",\"url\":\"http:\/\/safari.com.na\/wp-content\/uploads\/2023\/03\/PK-2019-300x290.jpg\",\"contentUrl\":\"http:\/\/safari.com.na\/wp-content\/uploads\/2023\/03\/PK-2019-300x290.jpg\"},{\"@type\":\"WebPage\",\"@id\":\"http:\/\/safari.com.na\/?page_id=143#webpage\",\"url\":\"http:\/\/safari.com.na\/?page_id=143\",\"name\":\"O mnie - This Is Africa\",\"isPartOf\":{\"@id\":\"http:\/\/safari.com.na\/#website\"},\"primaryImageOfPage\":{\"@id\":\"http:\/\/safari.com.na\/?page_id=143#primaryimage\"},\"datePublished\":\"2023-03-16T09:37:41+00:00\",\"dateModified\":\"2023-03-17T14:18:13+00:00\",\"breadcrumb\":{\"@id\":\"http:\/\/safari.com.na\/?page_id=143#breadcrumb\"},\"inLanguage\":\"en-US\",\"potentialAction\":[{\"@type\":\"ReadAction\",\"target\":[\"http:\/\/safari.com.na\/?page_id=143\"]}]},{\"@type\":\"BreadcrumbList\",\"@id\":\"http:\/\/safari.com.na\/?page_id=143#breadcrumb\",\"itemListElement\":[{\"@type\":\"ListItem\",\"position\":1,\"name\":\"Home\",\"item\":\"http:\/\/safari.com.na\/?page_id=7&lang=en\"},{\"@type\":\"ListItem\",\"position\":2,\"name\":\"O mnie\"}]}]}<\/script>\n<!-- \/ Yoast SEO plugin. -->","yoast_head_json":{"title":"O mnie - This Is Africa","robots":{"index":"index","follow":"follow","max-snippet":"max-snippet:-1","max-image-preview":"max-image-preview:large","max-video-preview":"max-video-preview:-1"},"canonical":"http:\/\/safari.com.na\/?page_id=143","og_locale":"en_US","og_type":"article","og_title":"O mnie - This Is Africa","og_description":"\u201ePodr\u00f3\u017cowanie sprawi, \u017ce zaniem\u00f3wisz z wra\u017cenia, a potem zamienisz si\u0119 w gaw\u0119dziarza.\u201d Ibn Battuta (1304-1369) Safari w Afryce organizuj\u0119 i prowadz\u0119 od 1994 roku. Kraje na po\u0142udnie od r\u00f3wnika znam jak w\u0142asn\u0105 kiesze\u0144; na pewno lepiej ni\u017c moj\u0105 ojczyzn\u0119. Po afryka\u0144skich wertepach przejecha\u0142em ju\u017c ponad milion kilometr\u00f3w. Drugie tyle samolotami l\u0105duj\u0105cymi w buszu. Tysi\u0105ce kilometr\u00f3w...","og_url":"http:\/\/safari.com.na\/?page_id=143","og_site_name":"This Is Africa","article_modified_time":"2023-03-17T14:18:13+00:00","og_image":[{"url":"http:\/\/safari.com.na\/wp-content\/uploads\/2023\/03\/PK-2019-300x290.jpg"}],"twitter_card":"summary_large_image","twitter_misc":{"Est. reading time":"1 minute"},"schema":{"@context":"https:\/\/schema.org","@graph":[{"@type":"WebSite","@id":"http:\/\/safari.com.na\/#website","url":"http:\/\/safari.com.na\/","name":"This Is Africa","description":"into the wilderness!","potentialAction":[{"@type":"SearchAction","target":{"@type":"EntryPoint","urlTemplate":"http:\/\/safari.com.na\/?s={search_term_string}"},"query-input":"required name=search_term_string"}],"inLanguage":"en-US"},{"@type":"ImageObject","@id":"http:\/\/safari.com.na\/?page_id=143#primaryimage","inLanguage":"en-US","url":"http:\/\/safari.com.na\/wp-content\/uploads\/2023\/03\/PK-2019-300x290.jpg","contentUrl":"http:\/\/safari.com.na\/wp-content\/uploads\/2023\/03\/PK-2019-300x290.jpg"},{"@type":"WebPage","@id":"http:\/\/safari.com.na\/?page_id=143#webpage","url":"http:\/\/safari.com.na\/?page_id=143","name":"O mnie - This Is Africa","isPartOf":{"@id":"http:\/\/safari.com.na\/#website"},"primaryImageOfPage":{"@id":"http:\/\/safari.com.na\/?page_id=143#primaryimage"},"datePublished":"2023-03-16T09:37:41+00:00","dateModified":"2023-03-17T14:18:13+00:00","breadcrumb":{"@id":"http:\/\/safari.com.na\/?page_id=143#breadcrumb"},"inLanguage":"en-US","potentialAction":[{"@type":"ReadAction","target":["http:\/\/safari.com.na\/?page_id=143"]}]},{"@type":"BreadcrumbList","@id":"http:\/\/safari.com.na\/?page_id=143#breadcrumb","itemListElement":[{"@type":"ListItem","position":1,"name":"Home","item":"http:\/\/safari.com.na\/?page_id=7&lang=en"},{"@type":"ListItem","position":2,"name":"O mnie"}]}]}},"_links":{"self":[{"href":"http:\/\/safari.com.na\/index.php?rest_route=\/wp\/v2\/pages\/143","targetHints":{"allow":["GET"]}}],"collection":[{"href":"http:\/\/safari.com.na\/index.php?rest_route=\/wp\/v2\/pages"}],"about":[{"href":"http:\/\/safari.com.na\/index.php?rest_route=\/wp\/v2\/types\/page"}],"author":[{"embeddable":true,"href":"http:\/\/safari.com.na\/index.php?rest_route=\/wp\/v2\/users\/1"}],"replies":[{"embeddable":true,"href":"http:\/\/safari.com.na\/index.php?rest_route=%2Fwp%2Fv2%2Fcomments&post=143"}],"version-history":[{"count":9,"href":"http:\/\/safari.com.na\/index.php?rest_route=\/wp\/v2\/pages\/143\/revisions"}],"predecessor-version":[{"id":186,"href":"http:\/\/safari.com.na\/index.php?rest_route=\/wp\/v2\/pages\/143\/revisions\/186"}],"wp:attachment":[{"href":"http:\/\/safari.com.na\/index.php?rest_route=%2Fwp%2Fv2%2Fmedia&parent=143"}],"curies":[{"name":"wp","href":"https:\/\/api.w.org\/{rel}","templated":true}]}}