{"id":62,"date":"2023-03-15T15:16:29","date_gmt":"2023-03-15T14:16:29","guid":{"rendered":"http:\/\/safari.com.na\/?page_id=62"},"modified":"2023-03-15T16:10:38","modified_gmt":"2023-03-15T15:10:38","slug":"this-is-africa-polski","status":"publish","type":"page","link":"http:\/\/safari.com.na\/","title":{"rendered":"This Is Africa"},"content":{"rendered":"\n<p>Prawdziwe wyprawy safari do bij\u0105cego serca Afryki, poza utartymi szlakami. Odleg\u0142e, dzikie miejsca, gdzie tylko miejscowi i nasi przewodnicy czuj\u0105 si\u0119 jak w domu. Dni wype\u0142nione jazd\u0105 w terenie i przygodami, ch\u0142odne wieczory przy ma\u0142ym ognisku, noce pod baldachimem miliard\u00f3w jasnych gwiazd, kiedy tylko cienkie p\u0142\u00f3tno namiotu stanowi granic\u0119 mi\u0119dzy Tob\u0105 a natur\u0105.<\/p>\n\n\n\n<p>Zabierzemy Ci\u0119 do tajemniczych miejsc, prawdziwych klejnot\u00f3w Afryki, kt\u00f3re tylko nielicznym wazungu uda\u0142o si\u0119 wcze\u015bniej odkry\u0107. Ale nie martw si\u0119! Jeste\u015b w najlepszych r\u0119kach. Nasi przewodnicy sp\u0119dzili lata w zapomnianych przez Boga i ludzi miejscach i doskonale wiedz\u0105, czego mo\u017cna si\u0119 spodziewa\u0107 i jak bezpiecznie przemierza\u0107 rozleg\u0142e pustkowia Czarnego L\u0105du.<\/p>\n\n\n\n<p>Safari njema!<\/p>\n","protected":false},"excerpt":{"rendered":"<p>Prawdziwe wyprawy safari do bij\u0105cego serca Afryki, poza utartymi szlakami. Odleg\u0142e, dzikie miejsca, gdzie tylko miejscowi i nasi przewodnicy czuj\u0105 si\u0119 jak w domu. Dni wype\u0142nione jazd\u0105 w terenie i przygodami, ch\u0142odne wieczory przy ma\u0142ym ognisku, noce pod baldachimem miliard\u00f3w jasnych gwiazd, kiedy tylko cienkie p\u0142\u00f3tno namiotu stanowi granic\u0119 mi\u0119dzy Tob\u0105 a natur\u0105. Zabierzemy Ci\u0119&#8230;<\/p>\n","protected":false},"author":1,"featured_media":0,"parent":0,"menu_order":0,"comment_status":"closed","ping_status":"closed","template":"","meta":{"footnotes":""},"class_list":["post-62","page","type-page","status-publish","hentry"],"yoast_head":"<!-- This site is optimized with the Yoast SEO plugin v17.4 - https:\/\/yoast.com\/wordpress\/plugins\/seo\/ -->\n<title>This Is Africa - This Is Africa<\/title>\n<meta name=\"robots\" content=\"index, follow, max-snippet:-1, max-image-preview:large, max-video-preview:-1\" \/>\n<link rel=\"canonical\" href=\"http:\/\/safari.com.na\/\" \/>\n<meta property=\"og:locale\" content=\"en_US\" \/>\n<meta property=\"og:type\" content=\"article\" \/>\n<meta property=\"og:title\" content=\"This Is Africa - This Is Africa\" \/>\n<meta property=\"og:description\" content=\"Prawdziwe wyprawy safari do bij\u0105cego serca Afryki, poza utartymi szlakami. Odleg\u0142e, dzikie miejsca, gdzie tylko miejscowi i nasi przewodnicy czuj\u0105 si\u0119 jak w domu. Dni wype\u0142nione jazd\u0105 w terenie i przygodami, ch\u0142odne wieczory przy ma\u0142ym ognisku, noce pod baldachimem miliard\u00f3w jasnych gwiazd, kiedy tylko cienkie p\u0142\u00f3tno namiotu stanowi granic\u0119 mi\u0119dzy Tob\u0105 a natur\u0105. Zabierzemy Ci\u0119...\" \/>\n<meta property=\"og:url\" content=\"http:\/\/safari.com.na\/\" \/>\n<meta property=\"og:site_name\" content=\"This Is Africa\" \/>\n<meta property=\"article:modified_time\" content=\"2023-03-15T15:10:38+00:00\" \/>\n<meta name=\"twitter:card\" content=\"summary_large_image\" \/>\n<meta name=\"twitter:label1\" content=\"Est. reading time\" \/>\n\t<meta name=\"twitter:data1\" content=\"1 minute\" \/>\n<script type=\"application\/ld+json\" class=\"yoast-schema-graph\">{\"@context\":\"https:\/\/schema.org\",\"@graph\":[{\"@type\":\"WebSite\",\"@id\":\"http:\/\/safari.com.na\/#website\",\"url\":\"http:\/\/safari.com.na\/\",\"name\":\"This Is Africa\",\"description\":\"into the wilderness!\",\"potentialAction\":[{\"@type\":\"SearchAction\",\"target\":{\"@type\":\"EntryPoint\",\"urlTemplate\":\"http:\/\/safari.com.na\/?s={search_term_string}\"},\"query-input\":\"required name=search_term_string\"}],\"inLanguage\":\"en-US\"},{\"@type\":\"WebPage\",\"@id\":\"http:\/\/safari.com.na\/#webpage\",\"url\":\"http:\/\/safari.com.na\/\",\"name\":\"This Is Africa - This Is Africa\",\"isPartOf\":{\"@id\":\"http:\/\/safari.com.na\/#website\"},\"datePublished\":\"2023-03-15T14:16:29+00:00\",\"dateModified\":\"2023-03-15T15:10:38+00:00\",\"breadcrumb\":{\"@id\":\"http:\/\/safari.com.na\/#breadcrumb\"},\"inLanguage\":\"en-US\",\"potentialAction\":[{\"@type\":\"ReadAction\",\"target\":[\"http:\/\/safari.com.na\/\"]}]},{\"@type\":\"BreadcrumbList\",\"@id\":\"http:\/\/safari.com.na\/#breadcrumb\",\"itemListElement\":[{\"@type\":\"ListItem\",\"position\":1,\"name\":\"Home\",\"item\":\"http:\/\/safari.com.na\/?page_id=7&lang=en\"},{\"@type\":\"ListItem\",\"position\":2,\"name\":\"This Is Africa\"}]}]}<\/script>\n<!-- \/ Yoast SEO plugin. -->","yoast_head_json":{"title":"This Is Africa - This Is Africa","robots":{"index":"index","follow":"follow","max-snippet":"max-snippet:-1","max-image-preview":"max-image-preview:large","max-video-preview":"max-video-preview:-1"},"canonical":"http:\/\/safari.com.na\/","og_locale":"en_US","og_type":"article","og_title":"This Is Africa - This Is Africa","og_description":"Prawdziwe wyprawy safari do bij\u0105cego serca Afryki, poza utartymi szlakami. Odleg\u0142e, dzikie miejsca, gdzie tylko miejscowi i nasi przewodnicy czuj\u0105 si\u0119 jak w domu. Dni wype\u0142nione jazd\u0105 w terenie i przygodami, ch\u0142odne wieczory przy ma\u0142ym ognisku, noce pod baldachimem miliard\u00f3w jasnych gwiazd, kiedy tylko cienkie p\u0142\u00f3tno namiotu stanowi granic\u0119 mi\u0119dzy Tob\u0105 a natur\u0105. Zabierzemy Ci\u0119...","og_url":"http:\/\/safari.com.na\/","og_site_name":"This Is Africa","article_modified_time":"2023-03-15T15:10:38+00:00","twitter_card":"summary_large_image","twitter_misc":{"Est. reading time":"1 minute"},"schema":{"@context":"https:\/\/schema.org","@graph":[{"@type":"WebSite","@id":"http:\/\/safari.com.na\/#website","url":"http:\/\/safari.com.na\/","name":"This Is Africa","description":"into the wilderness!","potentialAction":[{"@type":"SearchAction","target":{"@type":"EntryPoint","urlTemplate":"http:\/\/safari.com.na\/?s={search_term_string}"},"query-input":"required name=search_term_string"}],"inLanguage":"en-US"},{"@type":"WebPage","@id":"http:\/\/safari.com.na\/#webpage","url":"http:\/\/safari.com.na\/","name":"This Is Africa - This Is Africa","isPartOf":{"@id":"http:\/\/safari.com.na\/#website"},"datePublished":"2023-03-15T14:16:29+00:00","dateModified":"2023-03-15T15:10:38+00:00","breadcrumb":{"@id":"http:\/\/safari.com.na\/#breadcrumb"},"inLanguage":"en-US","potentialAction":[{"@type":"ReadAction","target":["http:\/\/safari.com.na\/"]}]},{"@type":"BreadcrumbList","@id":"http:\/\/safari.com.na\/#breadcrumb","itemListElement":[{"@type":"ListItem","position":1,"name":"Home","item":"http:\/\/safari.com.na\/?page_id=7&lang=en"},{"@type":"ListItem","position":2,"name":"This Is Africa"}]}]}},"_links":{"self":[{"href":"http:\/\/safari.com.na\/index.php?rest_route=\/wp\/v2\/pages\/62","targetHints":{"allow":["GET"]}}],"collection":[{"href":"http:\/\/safari.com.na\/index.php?rest_route=\/wp\/v2\/pages"}],"about":[{"href":"http:\/\/safari.com.na\/index.php?rest_route=\/wp\/v2\/types\/page"}],"author":[{"embeddable":true,"href":"http:\/\/safari.com.na\/index.php?rest_route=\/wp\/v2\/users\/1"}],"replies":[{"embeddable":true,"href":"http:\/\/safari.com.na\/index.php?rest_route=%2Fwp%2Fv2%2Fcomments&post=62"}],"version-history":[{"count":5,"href":"http:\/\/safari.com.na\/index.php?rest_route=\/wp\/v2\/pages\/62\/revisions"}],"predecessor-version":[{"id":97,"href":"http:\/\/safari.com.na\/index.php?rest_route=\/wp\/v2\/pages\/62\/revisions\/97"}],"wp:attachment":[{"href":"http:\/\/safari.com.na\/index.php?rest_route=%2Fwp%2Fv2%2Fmedia&parent=62"}],"curies":[{"name":"wp","href":"https:\/\/api.w.org\/{rel}","templated":true}]}}