{"id":74,"date":"2023-03-15T15:29:32","date_gmt":"2023-03-15T14:29:32","guid":{"rendered":"http:\/\/safari.com.na\/?page_id=74"},"modified":"2023-03-15T19:58:25","modified_gmt":"2023-03-15T18:58:25","slug":"oferty","status":"publish","type":"page","link":"http:\/\/safari.com.na\/?page_id=74","title":{"rendered":"Oferty"},"content":{"rendered":"<p><strong>Klasyczne safari<\/strong><\/p>\n<p>Safari w j\u0119zyku suahili oznacza podr\u00f3\u017c. Proponujemy zatem wyprawy do najciekawszych miejsc w Afryce na po\u0142udnie od r\u00f3wnika. Podr\u00f3\u017c mo\u017ce by\u0107 odbywana r\u00f3\u017cnymi pojazdami, w zale\u017cno\u015bci od warunk\u00f3w naturalnych. Najcz\u0119\u015bciej s\u0105 to samochody terenowe lub ma\u0142e busiki, ale mamy propozycje tak\u017ce safari w siodle czy na klasycznym \u017caglowcu. Grupy s\u0105 niewielkie, zazwyczaj jest to 6 do 8 os\u00f3b. Zawsze prowadzone s\u0105 przez do\u015bwiadczonego przewodnika, kt\u00f3ry poka\u017ce najciekawsze zak\u0105tki, r\u00f3wnocze\u015bnie dbaj\u0105c o wasz komfort i bezpiecze\u0144stwo.<\/p>\n<p>\u00a0<\/p>\n<p>Proponujemy klasyczne safari w 6 krajach Afryki:<\/p>\n<p><img loading=\"lazy\" decoding=\"async\" class=\"size-medium wp-image-49 alignright\" src=\"http:\/\/safari.com.na\/wp-content\/uploads\/2021\/11\/signelefantes1-300x281.jpg\" alt=\"\" width=\"300\" height=\"281\" srcset=\"http:\/\/safari.com.na\/wp-content\/uploads\/2021\/11\/signelefantes1-300x281.jpg 300w, http:\/\/safari.com.na\/wp-content\/uploads\/2021\/11\/signelefantes1-1024x960.jpg 1024w, http:\/\/safari.com.na\/wp-content\/uploads\/2021\/11\/signelefantes1-768x720.jpg 768w, http:\/\/safari.com.na\/wp-content\/uploads\/2021\/11\/signelefantes1-1536x1440.jpg 1536w, http:\/\/safari.com.na\/wp-content\/uploads\/2021\/11\/signelefantes1-850x797.jpg 850w, http:\/\/safari.com.na\/wp-content\/uploads\/2021\/11\/signelefantes1.jpg 1600w\" sizes=\"auto, (max-width: 300px) 100vw, 300px\" \/><\/p>\n<ul>\n<li>Angola<\/li>\n<li>Tanzania<\/li>\n<li>Namibia<\/li>\n<li>Republika Po\u0142udniowej Afryki<\/li>\n<li>Swaziland (Eswatini)<\/li>\n<li>Zambia<\/li>\n<\/ul>\n<p>Konne safari:<\/p>\n<ul>\n<li>Republika Po\u0142udniowej Afryki<\/li>\n<li>Namibia<\/li>\n<li>Zimbabwe<\/li>\n<li>Kenia &#8211; na wielb\u0142\u0105dach<\/li>\n<\/ul>\n<p><strong>Morskie przygody<\/strong><\/p>\n<p>Afryk\u0119 oblewaj\u0105 dwa oceany: od wschodu Indyjski, od zachodu Atlantycki. Proponujemy unikalne wyprawy morskie w 4 krajach Afryki.<\/p>\n<p><img loading=\"lazy\" decoding=\"async\" class=\"alignright size-medium wp-image-140\" src=\"http:\/\/safari.com.na\/wp-content\/uploads\/2023\/03\/DSCF5843-300x200.jpg\" alt=\"\" width=\"300\" height=\"200\" srcset=\"http:\/\/safari.com.na\/wp-content\/uploads\/2023\/03\/DSCF5843-300x200.jpg 300w, http:\/\/safari.com.na\/wp-content\/uploads\/2023\/03\/DSCF5843-1024x683.jpg 1024w, http:\/\/safari.com.na\/wp-content\/uploads\/2023\/03\/DSCF5843-768x512.jpg 768w, http:\/\/safari.com.na\/wp-content\/uploads\/2023\/03\/DSCF5843-1536x1024.jpg 1536w, http:\/\/safari.com.na\/wp-content\/uploads\/2023\/03\/DSCF5843-2048x1365.jpg 2048w, http:\/\/safari.com.na\/wp-content\/uploads\/2023\/03\/DSCF5843-850x567.jpg 850w\" sizes=\"auto, (max-width: 300px) 100vw, 300px\" \/><\/p>\n<p>Rejsy tradycyjnymi i nowoczesnymi jednostkami \u017caglowymi:<\/p>\n<ul>\n<li>Madagaskar<\/li>\n<li>Tanzania<\/li>\n<\/ul>\n<p>Nurkowanie z rekinami w RPA:<\/p>\n<ul>\n<li>West Coast<\/li>\n<li>East Coast<\/li>\n<\/ul>\n<p>Wyprawy w\u0119dkarskie<\/p>\n<ul>\n<li>Tanzania<\/li>\n<li>Republika Po\u0142udniowej Afryki<\/li>\n<li>Namibia<\/li>\n<\/ul>\n<p><strong>Ekspedycje 4&#215;4<\/strong><\/p>\n<p><!-- \/wp:post-content --><!-- wp:paragraph --><\/p>\n<p>Proponujemy ekspedycje samochodami terenowymi po wertepach w 3 krajach Afryki:<\/p>\n<ul>\n<li>Botswana<\/li>\n<li>Namibia<\/li>\n<li>Tanzania<\/li>\n<\/ul>\n<p>B\u0119dziecie podr\u00f3\u017cowa\u0107 dobrze przygotowanym, solidnym samochodem 4&#215;4, doskonale<br \/>wyposa\u017conym we wszystko, aby poradzi\u0107 sobie w buszu.<\/p>\n<p>To podr\u00f3\u017c nieco w stylu \u017c\u00f3\u0142wia, bo dom masz zawsze ze sob\u0105, czasem w formie<br \/>namiotu na dachu auta, czasem zwyk\u0142ego namiotu rozbitego na ziemi. Zawsze w<br \/>stylu odkrywc\u00f3w minionej epoki, ale w komforcie wsp\u00f3\u0142czesnego \u015bwiata.<\/p>\n<p><strong>Safari 4&#215;4 z przewodnikiem<\/strong><\/p>\n<p>B\u0119dziecie sami prowadzi\u0107 samoch\u00f3d, podr\u00f3\u017cuj\u0105c w konwoju z\u0142o\u017conym z kilku (2 do 8) podobnych pojazd\u00f3w terenowych, prowadzony przez jednego z naszych do\u015bwiadczonych przewodnik\u00f3w.<br \/>Wszystko b\u0119dzie przygotowane, od pojazdu, przez zaopatrzenie, po zezwolenia i<br \/>pola namiotowe. Jest to idealna propozycja dla grupy przyjaci\u00f3\u0142 lub ekip<br \/>firmowych, ale tak\u017ce dla os\u00f3b indywidualnych, kt\u00f3re preferuj\u0105 podr\u00f3\u017cowanie w<br \/>wi\u0119kszym gronie pasjonat\u00f3w.<\/p>\n<p><!-- \/wp:paragraph --><!-- wp:paragraph --><\/p>\n<p class=\"MsoNormal\"><strong><span style=\"mso-fareast-font-family: 'Times New Roman'; mso-fareast-language: PL;\">Safari 4&#215;4 na w\u0142asn\u0105 r\u0119k\u0119<\/span><\/strong><\/p>\n<p class=\"MsoNormal\"><span style=\"mso-fareast-font-family: 'Times New Roman'; mso-fareast-language: PL;\">Opcja obejmuje wszystko, co jest w opcji Safari z<br \/>przewodnikiem, opr\u00f3cz samego przewodnika. Zamiast tego otrzymasz plan podr\u00f3\u017cy,<br \/>dokumenty i vouchery. W niekt\u00f3rych krajach dostaniesz karty paliwowe, w innych<br \/>obowi\u0105zuj\u0105 zasady jak w rent-a-car: odbierasz pojazd z pe\u0142nym bakiem i wracasz<br \/>z pe\u0142nym bakiem.<\/span><\/p>\n<p><!-- wp:heading --><\/p>\n<p><!-- \/wp:heading --><\/p>\n<p><!-- wp:heading --><\/p>\n<p><!-- \/wp:heading --><\/p>\n<p><!-- wp:heading --><\/p>\n<p><!-- \/wp:heading --><\/p>\n<p><!-- wp:heading --><\/p>\n<p><!-- \/wp:heading --><\/p>\n<p><!-- wp:heading --><\/p>\n<p><!-- \/wp:heading --><\/p>\n<p><!-- wp:heading --><\/p>\n<p><!-- \/wp:heading --><\/p>\n<p><!-- wp:heading --><\/p>\n<p><!-- \/wp:heading --><\/p>\n<p><!-- wp:heading --><\/p>\n<p><!-- \/wp:heading --><\/p>\n<p><!-- wp:heading --><\/p>\n<p><!-- \/wp:heading --><\/p>\n<p><!-- wp:heading --><\/p>\n<p><!-- \/wp:heading --><\/p>\n\n<!-- wp:image {\"id\":137,\"sizeSlug\":\"large\",\"linkDestination\":\"none\"} -->\n<figure class=\"wp-block-image size-large\"><img loading=\"lazy\" decoding=\"async\" width=\"1024\" height=\"682\" src=\"http:\/\/safari.com.na\/wp-content\/uploads\/2023\/03\/foto-02-1024x682.jpg\" alt=\"\" class=\"wp-image-137\" srcset=\"http:\/\/safari.com.na\/wp-content\/uploads\/2023\/03\/foto-02-1024x682.jpg 1024w, http:\/\/safari.com.na\/wp-content\/uploads\/2023\/03\/foto-02-300x200.jpg 300w, http:\/\/safari.com.na\/wp-content\/uploads\/2023\/03\/foto-02-768x512.jpg 768w, http:\/\/safari.com.na\/wp-content\/uploads\/2023\/03\/foto-02-1536x1023.jpg 1536w, http:\/\/safari.com.na\/wp-content\/uploads\/2023\/03\/foto-02-2048x1364.jpg 2048w, http:\/\/safari.com.na\/wp-content\/uploads\/2023\/03\/foto-02-850x566.jpg 850w\" sizes=\"auto, (max-width: 1024px) 100vw, 1024px\" \/><\/figure>\n<!-- \/wp:image -->","protected":false},"excerpt":{"rendered":"<p>Klasyczne safari Safari w j\u0119zyku suahili oznacza podr\u00f3\u017c. Proponujemy zatem wyprawy do najciekawszych miejsc w Afryce na po\u0142udnie od r\u00f3wnika. Podr\u00f3\u017c mo\u017ce by\u0107 odbywana r\u00f3\u017cnymi pojazdami, w zale\u017cno\u015bci od warunk\u00f3w naturalnych. Najcz\u0119\u015bciej s\u0105 to samochody terenowe lub ma\u0142e busiki, ale mamy propozycje tak\u017ce safari w siodle czy na klasycznym \u017caglowcu. Grupy s\u0105 niewielkie, zazwyczaj jest&#8230;<\/p>\n","protected":false},"author":1,"featured_media":0,"parent":0,"menu_order":0,"comment_status":"closed","ping_status":"closed","template":"","meta":{"footnotes":""},"class_list":["post-74","page","type-page","status-publish","hentry"],"yoast_head":"<!-- This site is optimized with the Yoast SEO plugin v17.4 - https:\/\/yoast.com\/wordpress\/plugins\/seo\/ -->\n<title>Oferty - This Is Africa<\/title>\n<meta name=\"robots\" content=\"index, follow, max-snippet:-1, max-image-preview:large, max-video-preview:-1\" \/>\n<link rel=\"canonical\" href=\"http:\/\/safari.com.na\/?page_id=74\" \/>\n<meta property=\"og:locale\" content=\"en_US\" \/>\n<meta property=\"og:type\" content=\"article\" \/>\n<meta property=\"og:title\" content=\"Oferty - This Is Africa\" \/>\n<meta property=\"og:description\" content=\"Klasyczne safari Safari w j\u0119zyku suahili oznacza podr\u00f3\u017c. Proponujemy zatem wyprawy do najciekawszych miejsc w Afryce na po\u0142udnie od r\u00f3wnika. Podr\u00f3\u017c mo\u017ce by\u0107 odbywana r\u00f3\u017cnymi pojazdami, w zale\u017cno\u015bci od warunk\u00f3w naturalnych. Najcz\u0119\u015bciej s\u0105 to samochody terenowe lub ma\u0142e busiki, ale mamy propozycje tak\u017ce safari w siodle czy na klasycznym \u017caglowcu. Grupy s\u0105 niewielkie, zazwyczaj jest...\" \/>\n<meta property=\"og:url\" content=\"http:\/\/safari.com.na\/?page_id=74\" \/>\n<meta property=\"og:site_name\" content=\"This Is Africa\" \/>\n<meta property=\"article:modified_time\" content=\"2023-03-15T18:58:25+00:00\" \/>\n<meta property=\"og:image\" content=\"http:\/\/safari.com.na\/wp-content\/uploads\/2021\/11\/signelefantes1-300x281.jpg\" \/>\n<meta name=\"twitter:card\" content=\"summary_large_image\" \/>\n<meta name=\"twitter:label1\" content=\"Est. reading time\" \/>\n\t<meta name=\"twitter:data1\" content=\"3 minutes\" \/>\n<script type=\"application\/ld+json\" class=\"yoast-schema-graph\">{\"@context\":\"https:\/\/schema.org\",\"@graph\":[{\"@type\":\"WebSite\",\"@id\":\"http:\/\/safari.com.na\/#website\",\"url\":\"http:\/\/safari.com.na\/\",\"name\":\"This Is Africa\",\"description\":\"into the wilderness!\",\"potentialAction\":[{\"@type\":\"SearchAction\",\"target\":{\"@type\":\"EntryPoint\",\"urlTemplate\":\"http:\/\/safari.com.na\/?s={search_term_string}\"},\"query-input\":\"required name=search_term_string\"}],\"inLanguage\":\"en-US\"},{\"@type\":\"ImageObject\",\"@id\":\"http:\/\/safari.com.na\/?page_id=74#primaryimage\",\"inLanguage\":\"en-US\",\"url\":\"http:\/\/safari.com.na\/wp-content\/uploads\/2021\/11\/signelefantes1.jpg\",\"contentUrl\":\"http:\/\/safari.com.na\/wp-content\/uploads\/2021\/11\/signelefantes1.jpg\",\"width\":1600,\"height\":1500,\"caption\":\"OLYMPUS DIGITAL CAMERA\"},{\"@type\":\"WebPage\",\"@id\":\"http:\/\/safari.com.na\/?page_id=74#webpage\",\"url\":\"http:\/\/safari.com.na\/?page_id=74\",\"name\":\"Oferty - This Is Africa\",\"isPartOf\":{\"@id\":\"http:\/\/safari.com.na\/#website\"},\"primaryImageOfPage\":{\"@id\":\"http:\/\/safari.com.na\/?page_id=74#primaryimage\"},\"datePublished\":\"2023-03-15T14:29:32+00:00\",\"dateModified\":\"2023-03-15T18:58:25+00:00\",\"breadcrumb\":{\"@id\":\"http:\/\/safari.com.na\/?page_id=74#breadcrumb\"},\"inLanguage\":\"en-US\",\"potentialAction\":[{\"@type\":\"ReadAction\",\"target\":[\"http:\/\/safari.com.na\/?page_id=74\"]}]},{\"@type\":\"BreadcrumbList\",\"@id\":\"http:\/\/safari.com.na\/?page_id=74#breadcrumb\",\"itemListElement\":[{\"@type\":\"ListItem\",\"position\":1,\"name\":\"Home\",\"item\":\"http:\/\/safari.com.na\/?page_id=7&lang=en\"},{\"@type\":\"ListItem\",\"position\":2,\"name\":\"Oferty\"}]}]}<\/script>\n<!-- \/ Yoast SEO plugin. -->","yoast_head_json":{"title":"Oferty - This Is Africa","robots":{"index":"index","follow":"follow","max-snippet":"max-snippet:-1","max-image-preview":"max-image-preview:large","max-video-preview":"max-video-preview:-1"},"canonical":"http:\/\/safari.com.na\/?page_id=74","og_locale":"en_US","og_type":"article","og_title":"Oferty - This Is Africa","og_description":"Klasyczne safari Safari w j\u0119zyku suahili oznacza podr\u00f3\u017c. Proponujemy zatem wyprawy do najciekawszych miejsc w Afryce na po\u0142udnie od r\u00f3wnika. Podr\u00f3\u017c mo\u017ce by\u0107 odbywana r\u00f3\u017cnymi pojazdami, w zale\u017cno\u015bci od warunk\u00f3w naturalnych. Najcz\u0119\u015bciej s\u0105 to samochody terenowe lub ma\u0142e busiki, ale mamy propozycje tak\u017ce safari w siodle czy na klasycznym \u017caglowcu. Grupy s\u0105 niewielkie, zazwyczaj jest...","og_url":"http:\/\/safari.com.na\/?page_id=74","og_site_name":"This Is Africa","article_modified_time":"2023-03-15T18:58:25+00:00","og_image":[{"url":"http:\/\/safari.com.na\/wp-content\/uploads\/2021\/11\/signelefantes1-300x281.jpg"}],"twitter_card":"summary_large_image","twitter_misc":{"Est. reading time":"3 minutes"},"schema":{"@context":"https:\/\/schema.org","@graph":[{"@type":"WebSite","@id":"http:\/\/safari.com.na\/#website","url":"http:\/\/safari.com.na\/","name":"This Is Africa","description":"into the wilderness!","potentialAction":[{"@type":"SearchAction","target":{"@type":"EntryPoint","urlTemplate":"http:\/\/safari.com.na\/?s={search_term_string}"},"query-input":"required name=search_term_string"}],"inLanguage":"en-US"},{"@type":"ImageObject","@id":"http:\/\/safari.com.na\/?page_id=74#primaryimage","inLanguage":"en-US","url":"http:\/\/safari.com.na\/wp-content\/uploads\/2021\/11\/signelefantes1.jpg","contentUrl":"http:\/\/safari.com.na\/wp-content\/uploads\/2021\/11\/signelefantes1.jpg","width":1600,"height":1500,"caption":"OLYMPUS DIGITAL CAMERA"},{"@type":"WebPage","@id":"http:\/\/safari.com.na\/?page_id=74#webpage","url":"http:\/\/safari.com.na\/?page_id=74","name":"Oferty - This Is Africa","isPartOf":{"@id":"http:\/\/safari.com.na\/#website"},"primaryImageOfPage":{"@id":"http:\/\/safari.com.na\/?page_id=74#primaryimage"},"datePublished":"2023-03-15T14:29:32+00:00","dateModified":"2023-03-15T18:58:25+00:00","breadcrumb":{"@id":"http:\/\/safari.com.na\/?page_id=74#breadcrumb"},"inLanguage":"en-US","potentialAction":[{"@type":"ReadAction","target":["http:\/\/safari.com.na\/?page_id=74"]}]},{"@type":"BreadcrumbList","@id":"http:\/\/safari.com.na\/?page_id=74#breadcrumb","itemListElement":[{"@type":"ListItem","position":1,"name":"Home","item":"http:\/\/safari.com.na\/?page_id=7&lang=en"},{"@type":"ListItem","position":2,"name":"Oferty"}]}]}},"_links":{"self":[{"href":"http:\/\/safari.com.na\/index.php?rest_route=\/wp\/v2\/pages\/74","targetHints":{"allow":["GET"]}}],"collection":[{"href":"http:\/\/safari.com.na\/index.php?rest_route=\/wp\/v2\/pages"}],"about":[{"href":"http:\/\/safari.com.na\/index.php?rest_route=\/wp\/v2\/types\/page"}],"author":[{"embeddable":true,"href":"http:\/\/safari.com.na\/index.php?rest_route=\/wp\/v2\/users\/1"}],"replies":[{"embeddable":true,"href":"http:\/\/safari.com.na\/index.php?rest_route=%2Fwp%2Fv2%2Fcomments&post=74"}],"version-history":[{"count":18,"href":"http:\/\/safari.com.na\/index.php?rest_route=\/wp\/v2\/pages\/74\/revisions"}],"predecessor-version":[{"id":141,"href":"http:\/\/safari.com.na\/index.php?rest_route=\/wp\/v2\/pages\/74\/revisions\/141"}],"wp:attachment":[{"href":"http:\/\/safari.com.na\/index.php?rest_route=%2Fwp%2Fv2%2Fmedia&parent=74"}],"curies":[{"name":"wp","href":"https:\/\/api.w.org\/{rel}","templated":true}]}}